{"id":49,"date":"2021-10-14T19:05:44","date_gmt":"2021-10-14T17:05:44","guid":{"rendered":"https:\/\/zbrzeznaogrody.com\/?page_id=49"},"modified":"2021-10-17T14:52:30","modified_gmt":"2021-10-17T12:52:30","slug":"oferta","status":"publish","type":"page","link":"https:\/\/zbrzeznaogrody.com\/?page_id=49","title":{"rendered":"OFERTA"},"content":{"rendered":"\n<p><strong>Oferta<\/strong><\/p>\n\n\n\n<p>Witamy na stronie <strong>Pracowni Architektury Krajobrazu&nbsp; Anna Zbrzezna<\/strong>.<\/p>\n\n\n\n<p>Od ponad <strong>25 lat<\/strong> zajmujemy si\u0119 profesjonalnym opracowywaniem projekt\u00f3w zieleni, zar\u00f3wno w sektorze prywatnym, jak i publicznym. Zajmujemy si\u0119 architektur\u0105 krajobrazu w pe\u0142nym zakresie. Wykonujemy projekty ogrod\u00f3w przydomowych, taras\u00f3w, zieleni osiedlowej. Dzia\u0142alno\u015b\u0107 pracowni obejmuje tak\u017ce&nbsp;doradztwo&nbsp;w zakresie piel\u0119gnacji zieleni. Inspektor nadzoru<\/p>\n\n\n\n<p>Zajmujemy si\u0119 r\u00f3wnie\u017c parkami zabytkowymi (rewaloryzacje park\u00f3w) oraz nadzorem autorskim.<\/p>\n\n\n\n<p>Na potrzeby inwestycji wykonujemy r\u00f3wnie\u017c inwentaryzacje dendrologiczne.<\/p>\n\n\n\n<p>Szanujemy Pa\u0144stwa czas i pieni\u0105dze na wszystkich etapach wsp\u00f3\u0142pracy i do ka\u017cdego projektu podchodzimy indywidualnie niezale\u017cnie od wielko\u015bci.<\/p>\n\n\n\n<p><strong>ZAPRASZAMY DO WSP\u00d3\u0141PRACY!!<\/strong><\/p>\n\n\n\n<p><\/p>\n\n\n\n<figure class=\"wp-block-gallery columns-3 is-cropped wp-block-gallery-1 is-layout-flex wp-block-gallery-is-layout-flex\"><ul class=\"blocks-gallery-grid\"><li class=\"blocks-gallery-item\"><figure><img fetchpriority=\"high\" decoding=\"async\" width=\"1024\" height=\"680\" src=\"https:\/\/zbrzeznaogrody.com\/wp-content\/uploads\/2021\/10\/098-1024x680.jpg\" alt=\"a\" data-id=\"547\" data-full-url=\"https:\/\/zbrzeznaogrody.com\/wp-content\/uploads\/2021\/10\/098-scaled.jpg\" data-link=\"https:\/\/zbrzeznaogrody.com\/oferta\/attachment\/098\/\" class=\"wp-image-547\" srcset=\"https:\/\/zbrzeznaogrody.com\/wp-content\/uploads\/2021\/10\/098-1024x680.jpg 1024w, https:\/\/zbrzeznaogrody.com\/wp-content\/uploads\/2021\/10\/098-300x199.jpg 300w, https:\/\/zbrzeznaogrody.com\/wp-content\/uploads\/2021\/10\/098-768x510.jpg 768w, https:\/\/zbrzeznaogrody.com\/wp-content\/uploads\/2021\/10\/098-1536x1020.jpg 1536w, https:\/\/zbrzeznaogrody.com\/wp-content\/uploads\/2021\/10\/098-2048x1360.jpg 2048w\" sizes=\"(max-width: 1024px) 100vw, 1024px\" \/><\/figure><\/li><li class=\"blocks-gallery-item\"><figure><img decoding=\"async\" width=\"1024\" height=\"680\" src=\"https:\/\/zbrzeznaogrody.com\/wp-content\/uploads\/2021\/10\/114-1024x680.jpg\" alt=\"\" data-id=\"550\" data-full-url=\"https:\/\/zbrzeznaogrody.com\/wp-content\/uploads\/2021\/10\/114-scaled.jpg\" data-link=\"https:\/\/zbrzeznaogrody.com\/oferta\/attachment\/114\/\" class=\"wp-image-550\" srcset=\"https:\/\/zbrzeznaogrody.com\/wp-content\/uploads\/2021\/10\/114-1024x680.jpg 1024w, https:\/\/zbrzeznaogrody.com\/wp-content\/uploads\/2021\/10\/114-300x199.jpg 300w, https:\/\/zbrzeznaogrody.com\/wp-content\/uploads\/2021\/10\/114-768x510.jpg 768w, https:\/\/zbrzeznaogrody.com\/wp-content\/uploads\/2021\/10\/114-1536x1020.jpg 1536w, https:\/\/zbrzeznaogrody.com\/wp-content\/uploads\/2021\/10\/114-2048x1360.jpg 2048w\" sizes=\"(max-width: 1024px) 100vw, 1024px\" \/><\/figure><\/li><li class=\"blocks-gallery-item\"><figure><img decoding=\"async\" width=\"1024\" height=\"678\" src=\"https:\/\/zbrzeznaogrody.com\/wp-content\/uploads\/2021\/10\/1875-1024x678.jpg\" alt=\"\" data-id=\"553\" data-full-url=\"https:\/\/zbrzeznaogrody.com\/wp-content\/uploads\/2021\/10\/1875-scaled.jpg\" data-link=\"https:\/\/zbrzeznaogrody.com\/oferta\/attachment\/1875\/\" class=\"wp-image-553\" srcset=\"https:\/\/zbrzeznaogrody.com\/wp-content\/uploads\/2021\/10\/1875-1024x678.jpg 1024w, https:\/\/zbrzeznaogrody.com\/wp-content\/uploads\/2021\/10\/1875-300x199.jpg 300w, https:\/\/zbrzeznaogrody.com\/wp-content\/uploads\/2021\/10\/1875-768x509.jpg 768w, https:\/\/zbrzeznaogrody.com\/wp-content\/uploads\/2021\/10\/1875-1536x1017.jpg 1536w, https:\/\/zbrzeznaogrody.com\/wp-content\/uploads\/2021\/10\/1875-2048x1356.jpg 2048w\" sizes=\"(max-width: 1024px) 100vw, 1024px\" \/><\/figure><\/li><li class=\"blocks-gallery-item\"><figure><img loading=\"lazy\" decoding=\"async\" width=\"592\" height=\"426\" src=\"https:\/\/zbrzeznaogrody.com\/wp-content\/uploads\/2021\/10\/17352100_1277264229024184_4536242296241338429_n.jpg\" alt=\"\" data-id=\"556\" data-full-url=\"https:\/\/zbrzeznaogrody.com\/wp-content\/uploads\/2021\/10\/17352100_1277264229024184_4536242296241338429_n.jpg\" data-link=\"https:\/\/zbrzeznaogrody.com\/oferta\/17352100_1277264229024184_4536242296241338429_n\/\" class=\"wp-image-556\" srcset=\"https:\/\/zbrzeznaogrody.com\/wp-content\/uploads\/2021\/10\/17352100_1277264229024184_4536242296241338429_n.jpg 592w, https:\/\/zbrzeznaogrody.com\/wp-content\/uploads\/2021\/10\/17352100_1277264229024184_4536242296241338429_n-300x216.jpg 300w\" sizes=\"(max-width: 592px) 100vw, 592px\" \/><\/figure><\/li><li class=\"blocks-gallery-item\"><figure><img loading=\"lazy\" decoding=\"async\" width=\"640\" height=\"425\" src=\"https:\/\/zbrzeznaogrody.com\/wp-content\/uploads\/2021\/10\/19748388_1397970650286874_4070009477772412220_n.jpg\" alt=\"\" data-id=\"557\" data-full-url=\"https:\/\/zbrzeznaogrody.com\/wp-content\/uploads\/2021\/10\/19748388_1397970650286874_4070009477772412220_n.jpg\" data-link=\"https:\/\/zbrzeznaogrody.com\/oferta\/19748388_1397970650286874_4070009477772412220_n\/\" class=\"wp-image-557\" srcset=\"https:\/\/zbrzeznaogrody.com\/wp-content\/uploads\/2021\/10\/19748388_1397970650286874_4070009477772412220_n.jpg 640w, https:\/\/zbrzeznaogrody.com\/wp-content\/uploads\/2021\/10\/19748388_1397970650286874_4070009477772412220_n-300x199.jpg 300w\" sizes=\"(max-width: 640px) 100vw, 640px\" \/><\/figure><\/li><li class=\"blocks-gallery-item\"><figure><img loading=\"lazy\" decoding=\"async\" width=\"940\" height=\"1024\" src=\"https:\/\/zbrzeznaogrody.com\/wp-content\/uploads\/2021\/10\/20170408_143637-940x1024.jpg\" alt=\"\" data-id=\"558\" data-full-url=\"https:\/\/zbrzeznaogrody.com\/wp-content\/uploads\/2021\/10\/20170408_143637.jpg\" data-link=\"https:\/\/zbrzeznaogrody.com\/oferta\/20170408_143637\/\" class=\"wp-image-558\" srcset=\"https:\/\/zbrzeznaogrody.com\/wp-content\/uploads\/2021\/10\/20170408_143637-940x1024.jpg 940w, https:\/\/zbrzeznaogrody.com\/wp-content\/uploads\/2021\/10\/20170408_143637-275x300.jpg 275w, https:\/\/zbrzeznaogrody.com\/wp-content\/uploads\/2021\/10\/20170408_143637-768x837.jpg 768w, https:\/\/zbrzeznaogrody.com\/wp-content\/uploads\/2021\/10\/20170408_143637-1409x1536.jpg 1409w, https:\/\/zbrzeznaogrody.com\/wp-content\/uploads\/2021\/10\/20170408_143637.jpg 1535w\" sizes=\"(max-width: 940px) 100vw, 940px\" \/><\/figure><\/li><li class=\"blocks-gallery-item\"><figure><img loading=\"lazy\" decoding=\"async\" width=\"736\" height=\"1024\" src=\"https:\/\/zbrzeznaogrody.com\/wp-content\/uploads\/2021\/10\/20170408_143714-736x1024.jpg\" alt=\"\" data-id=\"559\" data-full-url=\"https:\/\/zbrzeznaogrody.com\/wp-content\/uploads\/2021\/10\/20170408_143714.jpg\" data-link=\"https:\/\/zbrzeznaogrody.com\/oferta\/20170408_143714\/\" class=\"wp-image-559\" srcset=\"https:\/\/zbrzeznaogrody.com\/wp-content\/uploads\/2021\/10\/20170408_143714-736x1024.jpg 736w, https:\/\/zbrzeznaogrody.com\/wp-content\/uploads\/2021\/10\/20170408_143714-216x300.jpg 216w, https:\/\/zbrzeznaogrody.com\/wp-content\/uploads\/2021\/10\/20170408_143714-768x1068.jpg 768w, https:\/\/zbrzeznaogrody.com\/wp-content\/uploads\/2021\/10\/20170408_143714-1104x1536.jpg 1104w, https:\/\/zbrzeznaogrody.com\/wp-content\/uploads\/2021\/10\/20170408_143714-1472x2048.jpg 1472w, https:\/\/zbrzeznaogrody.com\/wp-content\/uploads\/2021\/10\/20170408_143714.jpg 1682w\" sizes=\"(max-width: 736px) 100vw, 736px\" \/><\/figure><\/li><li class=\"blocks-gallery-item\"><figure><img loading=\"lazy\" decoding=\"async\" width=\"1024\" height=\"632\" src=\"https:\/\/zbrzeznaogrody.com\/wp-content\/uploads\/2021\/10\/20180421_0859532-1024x632.jpg\" alt=\"\" data-id=\"560\" data-full-url=\"https:\/\/zbrzeznaogrody.com\/wp-content\/uploads\/2021\/10\/20180421_0859532-scaled.jpg\" data-link=\"https:\/\/zbrzeznaogrody.com\/oferta\/20180421_0859532\/\" class=\"wp-image-560\" srcset=\"https:\/\/zbrzeznaogrody.com\/wp-content\/uploads\/2021\/10\/20180421_0859532-1024x632.jpg 1024w, https:\/\/zbrzeznaogrody.com\/wp-content\/uploads\/2021\/10\/20180421_0859532-300x185.jpg 300w, https:\/\/zbrzeznaogrody.com\/wp-content\/uploads\/2021\/10\/20180421_0859532-768x474.jpg 768w, https:\/\/zbrzeznaogrody.com\/wp-content\/uploads\/2021\/10\/20180421_0859532-1536x948.jpg 1536w, https:\/\/zbrzeznaogrody.com\/wp-content\/uploads\/2021\/10\/20180421_0859532-2048x1263.jpg 2048w\" sizes=\"(max-width: 1024px) 100vw, 1024px\" \/><\/figure><\/li><li class=\"blocks-gallery-item\"><figure><img loading=\"lazy\" decoding=\"async\" width=\"1024\" height=\"576\" src=\"https:\/\/zbrzeznaogrody.com\/wp-content\/uploads\/2021\/10\/20180421_103416-1024x576.jpg\" alt=\"\" data-id=\"561\" data-full-url=\"https:\/\/zbrzeznaogrody.com\/wp-content\/uploads\/2021\/10\/20180421_103416-scaled.jpg\" data-link=\"https:\/\/zbrzeznaogrody.com\/oferta\/20180421_103416\/\" class=\"wp-image-561\" srcset=\"https:\/\/zbrzeznaogrody.com\/wp-content\/uploads\/2021\/10\/20180421_103416-1024x576.jpg 1024w, https:\/\/zbrzeznaogrody.com\/wp-content\/uploads\/2021\/10\/20180421_103416-300x169.jpg 300w, https:\/\/zbrzeznaogrody.com\/wp-content\/uploads\/2021\/10\/20180421_103416-768x432.jpg 768w, https:\/\/zbrzeznaogrody.com\/wp-content\/uploads\/2021\/10\/20180421_103416-1536x864.jpg 1536w, https:\/\/zbrzeznaogrody.com\/wp-content\/uploads\/2021\/10\/20180421_103416-2048x1152.jpg 2048w\" sizes=\"(max-width: 1024px) 100vw, 1024px\" \/><\/figure><\/li><li class=\"blocks-gallery-item\"><figure><img loading=\"lazy\" decoding=\"async\" width=\"795\" height=\"1024\" src=\"https:\/\/zbrzeznaogrody.com\/wp-content\/uploads\/2021\/10\/20190729_114430-795x1024.jpg\" alt=\"\" data-id=\"562\" data-full-url=\"https:\/\/zbrzeznaogrody.com\/wp-content\/uploads\/2021\/10\/20190729_114430.jpg\" data-link=\"https:\/\/zbrzeznaogrody.com\/oferta\/20190729_114430\/\" class=\"wp-image-562\" srcset=\"https:\/\/zbrzeznaogrody.com\/wp-content\/uploads\/2021\/10\/20190729_114430-795x1024.jpg 795w, https:\/\/zbrzeznaogrody.com\/wp-content\/uploads\/2021\/10\/20190729_114430-233x300.jpg 233w, https:\/\/zbrzeznaogrody.com\/wp-content\/uploads\/2021\/10\/20190729_114430-768x989.jpg 768w, https:\/\/zbrzeznaogrody.com\/wp-content\/uploads\/2021\/10\/20190729_114430.jpg 912w\" sizes=\"(max-width: 795px) 100vw, 795px\" \/><\/figure><\/li><\/ul><\/figure>\n","protected":false},"excerpt":{"rendered":"<p>Oferta Witamy na stronie Pracowni Architektury Krajobrazu&nbsp; Anna Zbrzezna. Od ponad 25 lat zajmujemy si\u0119 profesjonalnym opracowywaniem projekt\u00f3w zieleni, zar\u00f3wno &hellip; <a href=\"https:\/\/zbrzeznaogrody.com\/?page_id=49\" class=\"more-link\">Czytaj dalej <span class=\"screen-reader-text\">OFERTA<\/span><\/a><\/p>\n","protected":false},"author":1,"featured_media":0,"parent":0,"menu_order":0,"comment_status":"closed","ping_status":"closed","template":"","meta":{"ngg_post_thumbnail":0,"footnotes":""},"class_list":["post-49","page","type-page","status-publish","hentry"],"_links":{"self":[{"href":"https:\/\/zbrzeznaogrody.com\/index.php?rest_route=\/wp\/v2\/pages\/49","targetHints":{"allow":["GET"]}}],"collection":[{"href":"https:\/\/zbrzeznaogrody.com\/index.php?rest_route=\/wp\/v2\/pages"}],"about":[{"href":"https:\/\/zbrzeznaogrody.com\/index.php?rest_route=\/wp\/v2\/types\/page"}],"author":[{"embeddable":true,"href":"https:\/\/zbrzeznaogrody.com\/index.php?rest_route=\/wp\/v2\/users\/1"}],"replies":[{"embeddable":true,"href":"https:\/\/zbrzeznaogrody.com\/index.php?rest_route=%2Fwp%2Fv2%2Fcomments&post=49"}],"version-history":[{"count":3,"href":"https:\/\/zbrzeznaogrody.com\/index.php?rest_route=\/wp\/v2\/pages\/49\/revisions"}],"predecessor-version":[{"id":563,"href":"https:\/\/zbrzeznaogrody.com\/index.php?rest_route=\/wp\/v2\/pages\/49\/revisions\/563"}],"wp:attachment":[{"href":"https:\/\/zbrzeznaogrody.com\/index.php?rest_route=%2Fwp%2Fv2%2Fmedia&parent=49"}],"curies":[{"name":"wp","href":"https:\/\/api.w.org\/{rel}","templated":true}]}}