{"id":36,"date":"2021-10-14T18:59:39","date_gmt":"2021-10-14T16:59:39","guid":{"rendered":"https:\/\/zbrzeznaogrody.com\/?page_id=36"},"modified":"2021-10-17T14:41:57","modified_gmt":"2021-10-17T12:41:57","slug":"o-nas","status":"publish","type":"page","link":"https:\/\/zbrzeznaogrody.com\/?page_id=36","title":{"rendered":"O nas"},"content":{"rendered":"\n<div class=\"wp-block-cover has-background-dim\"><img fetchpriority=\"high\" decoding=\"async\" width=\"1024\" height=\"681\" class=\"wp-block-cover__image-background wp-image-37\" alt=\"\" src=\"https:\/\/zbrzeznaogrody.com\/wp-content\/uploads\/2021\/10\/DSC0321-1024x681.jpg\" data-object-fit=\"cover\" srcset=\"https:\/\/zbrzeznaogrody.com\/wp-content\/uploads\/2021\/10\/DSC0321-1024x681.jpg 1024w, https:\/\/zbrzeznaogrody.com\/wp-content\/uploads\/2021\/10\/DSC0321-300x200.jpg 300w, https:\/\/zbrzeznaogrody.com\/wp-content\/uploads\/2021\/10\/DSC0321-768x511.jpg 768w, https:\/\/zbrzeznaogrody.com\/wp-content\/uploads\/2021\/10\/DSC0321-1536x1022.jpg 1536w, https:\/\/zbrzeznaogrody.com\/wp-content\/uploads\/2021\/10\/DSC0321-2048x1363.jpg 2048w, https:\/\/zbrzeznaogrody.com\/wp-content\/uploads\/2021\/10\/DSC0321-174x116.jpg 174w\" sizes=\"(max-width: 1024px) 100vw, 1024px\" \/><div class=\"wp-block-cover__inner-container is-layout-flow wp-block-cover-is-layout-flow\">\n<p class=\"has-large-font-size\"><\/p>\n<\/div><\/div>\n\n\n\n<p><strong>Do\u015bwiadczenie zawodowe<\/strong><\/p>\n\n\n\n<p>Od wielu lat prowadzi swoja w\u0142asn\u0105 autorsk\u0105 Pracowni\u0119 Architektury Krajobrazu. Posiada ponad <strong>25-letnie<\/strong> do\u015bwiadczenie projektowe oraz wykonawcze- stale wsp\u00f3\u0142pracuje z kilkoma firmami wykonawczymi realizuj\u0105cymi jej projekty w terenie.<\/p>\n\n\n\n<p>Autorka wielu projekt\u00f3w, zar\u00f3wno zieleni publicznej (Projekt SOSW w Szymanowie, Skwer im. Pi\u0142sudskiego w Ciechanowie, Rozbudowa I Nadbudowa Budynku Starostwa Powiatowego w P\u0142o\u0144sku, Projekt zagospodarowania terenu wok\u00f3\u0142 SP w So\u0144sku, McDonald w Ciechanowie, Pa\u0144stwowa Uczelnia Zawodowa w Ciechanowie, Skwer w Regiminie); tw\u00f3rca projekt\u00f3w zieleni zabytkowej- Park w Soko\u0142\u00f3wku, Park w Karwaczu, zieleni osiedlowej oraz setki ogrod\u00f3w prywatnych na terenie ca\u0142ej Polski.&nbsp;<\/p>\n\n\n\n<div class=\"wp-block-cover has-background-dim\"><img decoding=\"async\" width=\"1024\" height=\"682\" class=\"wp-block-cover__image-background wp-image-32\" alt=\"\" src=\"https:\/\/zbrzeznaogrody.com\/wp-content\/uploads\/2021\/10\/Ja-1024x682.jpg\" data-object-fit=\"cover\" srcset=\"https:\/\/zbrzeznaogrody.com\/wp-content\/uploads\/2021\/10\/Ja-1024x682.jpg 1024w, https:\/\/zbrzeznaogrody.com\/wp-content\/uploads\/2021\/10\/Ja-300x200.jpg 300w, https:\/\/zbrzeznaogrody.com\/wp-content\/uploads\/2021\/10\/Ja-768x511.jpg 768w, https:\/\/zbrzeznaogrody.com\/wp-content\/uploads\/2021\/10\/Ja-1536x1023.jpg 1536w, https:\/\/zbrzeznaogrody.com\/wp-content\/uploads\/2021\/10\/Ja-2048x1363.jpg 2048w, https:\/\/zbrzeznaogrody.com\/wp-content\/uploads\/2021\/10\/Ja-174x116.jpg 174w\" sizes=\"(max-width: 1024px) 100vw, 1024px\" \/><div class=\"wp-block-cover__inner-container is-layout-flow wp-block-cover-is-layout-flow\">\n<p class=\"has-large-font-size\"><\/p>\n<\/div><\/div>\n\n\n\n<p>Za\u0142o\u017cycielem firmy jest mgr in\u017c. architekt krajobrazu <strong>Anna Zbrzezna<\/strong> &#8211; absolwentka Architektury Krajobrazu SGGW \u2013rok 1992 oraz Inspektor Nadzoru NOT z wieloletnim&nbsp;sta\u017cem, mi\u0142o\u015bci\u0105 do ro\u015blin, przyrody i zaanga\u017cowaniem w kreowaniu przestrzeni wok\u00f3\u0142 nas.<\/p>\n\n\n\n<p>Autorka artyku\u0142\u00f3w o tematyce ogrod\u00f3w w czasopi\u015bmie Magnolia i Dzia\u0142kowiec.<\/p>\n\n\n\n<p>Ka\u017cdy projekt i realizacja jest traktowana przeze ni\u0105 wyj\u0105tkowo i indywidualnie. Nie chce popada\u0107 w rutyn\u0119, dlatego ci\u0105gle poszukuje nowych inspiracji, szkoli si\u0119, poznaje nowo\u015bci i trendy (niejednokrotnie by\u0142a na najwi\u0119kszej wystawie ogrodniczej w Londynie- Chelsea Flower Show) mi\u0119dzy innymi poprzez liczne podr\u00f3\u017ce, podczas kt\u00f3rych obserwuje i poznaje wci\u0105\u017c nowe, r\u00f3\u017cnorodne formy krajobrazu.<\/p>\n\n\n\n<p>Profesjonalizm i w\u0142asne zaanga\u017cowanie , a tak\u017ce potwierdzone kwalifikacje powoduj\u0105, \u017ce stara si\u0119 zawsze pracowa\u0107 na najwy\u017cszym poziomie.<\/p>\n\n\n\n<p>Ponadto wsp\u00f3\u0142pracuje z fantastycznymi lud\u017ami, dzi\u0119ki kt\u00f3rym razem tworzy pi\u0119kne ogrody. Wszystko odbywa si\u0119 przy \u015bcis\u0142ej wsp\u00f3\u0142pracy z wykonawcami, pod jej nadzorem i przy wymianie do\u015bwiadcze\u0144.<\/p>\n\n\n\n<p>Hobby: malarstwo i sztuka (w wolnym czasie maluje, g\u0142\u00f3wnie w technice akrylowej na p\u0142\u00f3tnie), ksi\u0105\u017cki i w\u0119dr\u00f3wki g\u00f3rskie, a tak\u017ce jazda na nartach.<\/p>\n\n\n\n<p>Od 1995 roku tak\u017ce nauczyciel przedmiot\u00f3w zawodowych w Technikum Architektury Krajobrazu w ZS CKR im. A. \u015awi\u0119tochowskiego w Go\u0142otczy\u017anie.<\/p>\n\n\n\n<p>Opr\u00f3cz tytu\u0142u architekta krajobrazu, posiada tak\u017ce tytu\u0142 magistra filologii angielskiej o specjalno\u015bci t\u0142umaczeniowej, co niejednokrotnie wykorzystuje w podr\u00f3\u017cowaniu w poszukiwaniu ciekawych inspiracji.<\/p>\n","protected":false},"excerpt":{"rendered":"<p>Do\u015bwiadczenie zawodowe Od wielu lat prowadzi swoja w\u0142asn\u0105 autorsk\u0105 Pracowni\u0119 Architektury Krajobrazu. Posiada ponad 25-letnie do\u015bwiadczenie projektowe oraz wykonawcze- stale &hellip; <a href=\"https:\/\/zbrzeznaogrody.com\/?page_id=36\" class=\"more-link\">Czytaj dalej <span class=\"screen-reader-text\">O nas<\/span><\/a><\/p>\n","protected":false},"author":1,"featured_media":0,"parent":0,"menu_order":0,"comment_status":"closed","ping_status":"closed","template":"","meta":{"ngg_post_thumbnail":0,"footnotes":""},"class_list":["post-36","page","type-page","status-publish","hentry"],"_links":{"self":[{"href":"https:\/\/zbrzeznaogrody.com\/index.php?rest_route=\/wp\/v2\/pages\/36","targetHints":{"allow":["GET"]}}],"collection":[{"href":"https:\/\/zbrzeznaogrody.com\/index.php?rest_route=\/wp\/v2\/pages"}],"about":[{"href":"https:\/\/zbrzeznaogrody.com\/index.php?rest_route=\/wp\/v2\/types\/page"}],"author":[{"embeddable":true,"href":"https:\/\/zbrzeznaogrody.com\/index.php?rest_route=\/wp\/v2\/users\/1"}],"replies":[{"embeddable":true,"href":"https:\/\/zbrzeznaogrody.com\/index.php?rest_route=%2Fwp%2Fv2%2Fcomments&post=36"}],"version-history":[{"count":3,"href":"https:\/\/zbrzeznaogrody.com\/index.php?rest_route=\/wp\/v2\/pages\/36\/revisions"}],"predecessor-version":[{"id":542,"href":"https:\/\/zbrzeznaogrody.com\/index.php?rest_route=\/wp\/v2\/pages\/36\/revisions\/542"}],"wp:attachment":[{"href":"https:\/\/zbrzeznaogrody.com\/index.php?rest_route=%2Fwp%2Fv2%2Fmedia&parent=36"}],"curies":[{"name":"wp","href":"https:\/\/api.w.org\/{rel}","templated":true}]}}